{"id":76,"date":"2014-02-05T14:19:40","date_gmt":"2014-02-05T13:19:40","guid":{"rendered":"http:\/\/pont-info.fr?page_id=76"},"modified":"2014-04-08T11:00:20","modified_gmt":"2014-04-08T10:00:20","slug":"conseils","status":"publish","type":"page","link":"https:\/\/pont-info.fr\/?page_id=76","title":{"rendered":"Conseils"},"content":{"rendered":"<p><img loading=\"lazy\" decoding=\"async\" class=\"alignnone size-thumbnail wp-image-105\" alt=\"logo v1\" src=\"http:\/\/pont-info.fr\/wp-content\/uploads\/2014\/04\/logo-v3-150x150.jpg\" width=\"30\" height=\"30\" \/>Pont-info \u00e9coute vos d\u00e9sirs et vous propose des solutions.<\/p>\n<p><span style=\"color: #008080;\"><strong>A votre \u00e9coute<\/strong> :<\/span> Pont-info s&rsquo;assure de bien saisir vos souhaits avant de commencer \u00e0 vous conseiller.<\/p>\n<p><span style=\"color: #008080;\"><strong>Confiance<\/strong> :<\/span> Pour instaurer une relation de confiance, pont-info ne vend pas de mat\u00e9riel ou de logiciels.\u00a0 Tout achat \u00e9ventuel sera r\u00e9alis\u00e9 par vos soins, le seul int\u00e9r\u00eat de pont-info est votre satisfaction.<\/p>\n<p><span style=\"color: #008080;\"><strong>Domaine d&rsquo;expertise<\/strong> :<\/span> Pont info vous conseille entre autre sur les domaines suivants :<\/p>\n<p style=\"padding-left: 30px;\">Vid\u00e9o conf\u00e9rence et aide \u00e0 l&rsquo;autonomie pour les personnes ag\u00e9es &#8211; Mise en place ou optimisation de votre r\u00e9seau domestique &#8211; Evolution ou renouvellement mat\u00e9riel &#8211; Optimisation ou changement logiciel.<\/p>\n<p style=\"text-align: justify;\"><a title=\"D\u00e9pannage\" href=\"http:\/\/pont-info.fr?page_id=24\">D\u00e9pannage<\/a> &#8211; <a title=\"Conseils\" href=\"http:\/\/pont-info.fr?page_id=76\">Conseils<\/a> &#8211; <a title=\"Formations\" href=\"http:\/\/pont-info.fr?page_id=26\">Formations<\/a> &#8211; <a title=\"Formations \u00e0 plusieurs\" href=\"http:\/\/pont-info.fr?page_id=28\">Formations \u00e0 plusieurs <\/a>&#8211; <a title=\"Installation\" href=\"http:\/\/pont-info.fr?page_id=117\">Installation<\/a><\/p>\n","protected":false},"excerpt":{"rendered":"<p>Pont-info \u00e9coute vos d\u00e9sirs et vous propose des solutions. A votre \u00e9coute : Pont-info s&rsquo;assure de bien saisir vos souhaits avant de commencer \u00e0 vous conseiller. Confiance : Pour instaurer une relation de confiance, pont-info ne vend pas de mat\u00e9riel ou de logiciels.\u00a0 Tout achat \u00e9ventuel sera r\u00e9alis\u00e9 par vos soins, le seul int\u00e9r\u00eat de &hellip; <\/p>\n<p class=\"link-more\"><a href=\"https:\/\/pont-info.fr\/?page_id=76\" class=\"more-link\">Continuer la lecture<span class=\"screen-reader-text\"> de &laquo;&nbsp;Conseils&nbsp;&raquo;<\/span><\/a><\/p>\n","protected":false},"author":1,"featured_media":0,"parent":0,"menu_order":0,"comment_status":"open","ping_status":"open","template":"","meta":{"footnotes":""},"_links":{"self":[{"href":"https:\/\/pont-info.fr\/index.php?rest_route=\/wp\/v2\/pages\/76"}],"collection":[{"href":"https:\/\/pont-info.fr\/index.php?rest_route=\/wp\/v2\/pages"}],"about":[{"href":"https:\/\/pont-info.fr\/index.php?rest_route=\/wp\/v2\/types\/page"}],"author":[{"embeddable":true,"href":"https:\/\/pont-info.fr\/index.php?rest_route=\/wp\/v2\/users\/1"}],"replies":[{"embeddable":true,"href":"https:\/\/pont-info.fr\/index.php?rest_route=%2Fwp%2Fv2%2Fcomments&post=76"}],"version-history":[{"count":12,"href":"https:\/\/pont-info.fr\/index.php?rest_route=\/wp\/v2\/pages\/76\/revisions"}],"predecessor-version":[{"id":179,"href":"https:\/\/pont-info.fr\/index.php?rest_route=\/wp\/v2\/pages\/76\/revisions\/179"}],"wp:attachment":[{"href":"https:\/\/pont-info.fr\/index.php?rest_route=%2Fwp%2Fv2%2Fmedia&parent=76"}],"curies":[{"name":"wp","href":"https:\/\/api.w.org\/{rel}","templated":true}]}}