{"id":7,"date":"2014-01-13T11:29:53","date_gmt":"2014-01-13T10:29:53","guid":{"rendered":"http:\/\/pont-info.fr?page_id=7"},"modified":"2014-11-04T11:38:53","modified_gmt":"2014-11-04T10:38:53","slug":"accueil","status":"publish","type":"page","link":"https:\/\/pont-info.fr\/","title":{"rendered":"Accueil"},"content":{"rendered":"<p style=\"text-align: left;\"><a href=\"http:\/\/pont-info.fr\"><i>\r\n\t<div class=\"slideshow_container slideshow_container_style-light\" style=\"height: 200px; \" data-slideshow-id=\"210\" data-style-name=\"style-light\" data-style-version=\"2.3.1\" >\r\n\r\n\t\t\t\t\t<div class=\"slideshow_loading_icon\"><\/div>\r\n\t\t\r\n\t\t<div class=\"slideshow_content\" style=\"display: none;\">\r\n\r\n\t\t\t<div class=\"slideshow_view\">\r\n\t\t\t\t<div class=\"slideshow_slide slideshow_slide_image\">\r\n\t\t\t\t\t\t\t\t\t\t\t<img src=\"https:\/\/pont-info.fr\/wp-content\/uploads\/2014\/01\/fond-1-1080p.jpg\" alt=\"fond 1 1080p\" width=\"1920\" height=\"1080\" \/>\r\n\t\t\t\t\t\t\t\t\t\t<div class=\"slideshow_description_box slideshow_transparent\">\r\n\t\t\t\t\t\t<div class=\"slideshow_title\">fond 1 1080p<\/div>\t\t\t\t\t\t\t\t\t\t\t<\/div>\r\n\t\t\t\t<\/div>\r\n\r\n\t\t\t\t\t\t<div style=\"clear: both;\"><\/div><\/div><div class=\"slideshow_view\">\r\n\t\t\t\t<div class=\"slideshow_slide slideshow_slide_image\">\r\n\t\t\t\t\t\t\t\t\t\t\t<img src=\"https:\/\/pont-info.fr\/wp-content\/uploads\/2014\/11\/SS1-NUC.jpg\" alt=\"SS1-NUC\" width=\"362\" height=\"229\" \/>\r\n\t\t\t\t\t\t\t\t\t\t<div class=\"slideshow_description_box slideshow_transparent\">\r\n\t\t\t\t\t\t<div class=\"slideshow_title\">SS1-NUC<\/div>\t\t\t\t\t\t\t\t\t\t\t<\/div>\r\n\t\t\t\t<\/div>\r\n\r\n\t\t\t\t\t\t<div style=\"clear: both;\"><\/div><\/div><div class=\"slideshow_view\">\r\n\t\t\t\t<div class=\"slideshow_slide slideshow_slide_image\">\r\n\t\t\t\t\t\t\t\t\t\t\t<img src=\"https:\/\/pont-info.fr\/wp-content\/uploads\/2014\/11\/SS1-FAI.jpg\" alt=\"SS1- FAI\" width=\"800\" height=\"436\" \/>\r\n\t\t\t\t\t\t\t\t\t\t<div class=\"slideshow_description_box slideshow_transparent\">\r\n\t\t\t\t\t\t<div class=\"slideshow_title\">SS1- FAI<\/div>\t\t\t\t\t\t\t\t\t\t\t<\/div>\r\n\t\t\t\t<\/div>\r\n\r\n\t\t\t\t\t\t<div style=\"clear: both;\"><\/div><\/div><div class=\"slideshow_view\">\r\n\t\t\t\t<div class=\"slideshow_slide slideshow_slide_image\">\r\n\t\t\t\t\t\t\t\t\t\t\t<img src=\"https:\/\/pont-info.fr\/wp-content\/uploads\/2014\/11\/SS1-Smartphone.jpg\" alt=\"SS1-Smartphone\" width=\"800\" height=\"436\" \/>\r\n\t\t\t\t\t\t\t\t\t\t<div class=\"slideshow_description_box slideshow_transparent\">\r\n\t\t\t\t\t\t<div class=\"slideshow_title\">SS1-Smartphone<\/div>\t\t\t\t\t\t\t\t\t\t\t<\/div>\r\n\t\t\t\t<\/div>\r\n\r\n\t\t\t\t\t\t<div style=\"clear: both;\"><\/div><\/div><div class=\"slideshow_view\">\r\n\t\t\t\t<div class=\"slideshow_slide slideshow_slide_image\">\r\n\t\t\t\t\t\t\t\t\t\t\t<img src=\"https:\/\/pont-info.fr\/wp-content\/uploads\/2014\/11\/SS1-NET.jpg\" alt=\"SS1- NET\" width=\"800\" height=\"436\" \/>\r\n\t\t\t\t\t\t\t\t\t\t<div class=\"slideshow_description_box slideshow_transparent\">\r\n\t\t\t\t\t\t<div class=\"slideshow_title\">SS1- NET<\/div>\t\t\t\t\t\t\t\t\t\t\t<\/div>\r\n\t\t\t\t<\/div>\r\n\r\n\t\t\t\t\t\t<div style=\"clear: both;\"><\/div><\/div><div class=\"slideshow_view\">\r\n\t\t\t\t<div class=\"slideshow_slide slideshow_slide_image\">\r\n\t\t\t\t\t\t\t\t\t\t\t<img src=\"https:\/\/pont-info.fr\/wp-content\/uploads\/2014\/11\/SS1-tout-en-un.jpg\" alt=\"SS1- tout en un\" width=\"748\" height=\"632\" \/>\r\n\t\t\t\t\t\t\t\t\t\t<div class=\"slideshow_description_box slideshow_transparent\">\r\n\t\t\t\t\t\t<div class=\"slideshow_title\">SS1- tout en un<\/div>\t\t\t\t\t\t\t\t\t\t\t<\/div>\r\n\t\t\t\t<\/div>\r\n\r\n\t\t\t\t\t\t<div style=\"clear: both;\"><\/div><\/div><div class=\"slideshow_view\">\r\n\t\t\t\t<div class=\"slideshow_slide slideshow_slide_image\">\r\n\t\t\t\t\t\t\t\t\t\t\t<img src=\"https:\/\/pont-info.fr\/wp-content\/uploads\/2014\/11\/SS1-Itablette.jpg\" alt=\"SS1-Itablette\" width=\"516\" height=\"358\" \/>\r\n\t\t\t\t\t\t\t\t\t\t<div class=\"slideshow_description_box slideshow_transparent\">\r\n\t\t\t\t\t\t<div class=\"slideshow_title\">SS1-Itablette<\/div>\t\t\t\t\t\t\t\t\t\t\t<\/div>\r\n\t\t\t\t<\/div>\r\n\r\n\t\t\t\t\t\t<div style=\"clear: both;\"><\/div><\/div><div class=\"slideshow_view\">\r\n\t\t\t\t<div class=\"slideshow_slide slideshow_slide_image\">\r\n\t\t\t\t\t\t\t\t\t\t\t<img src=\"https:\/\/pont-info.fr\/wp-content\/uploads\/2014\/11\/SS1-Systeme.jpg\" alt=\"SS1-Systeme\" width=\"800\" height=\"436\" \/>\r\n\t\t\t\t\t\t\t\t\t\t<div class=\"slideshow_description_box slideshow_transparent\">\r\n\t\t\t\t\t\t<div class=\"slideshow_title\">SS1-Systeme<\/div>\t\t\t\t\t\t\t\t\t\t\t<\/div>\r\n\t\t\t\t<\/div>\r\n\r\n\t\t\t\t\t\t<div style=\"clear: both;\"><\/div><\/div><div class=\"slideshow_view\">\r\n\t\t\t\t<div class=\"slideshow_slide slideshow_slide_image\">\r\n\t\t\t\t\t\t\t\t\t\t\t<img src=\"https:\/\/pont-info.fr\/wp-content\/uploads\/2014\/11\/SS1-CPC464.jpg\" alt=\"SS1-CPC464\" width=\"814\" height=\"395\" \/>\r\n\t\t\t\t\t\t\t\t\t\t<div class=\"slideshow_description_box slideshow_transparent\">\r\n\t\t\t\t\t\t<div class=\"slideshow_title\">SS1-CPC464<\/div>\t\t\t\t\t\t\t\t\t\t\t<\/div>\r\n\t\t\t\t<\/div>\r\n\r\n\t\t\t\t\t\t<div style=\"clear: both;\"><\/div><\/div>\r\n\t\t<\/div>\r\n\r\n\t\t<div class=\"slideshow_controlPanel slideshow_transparent\" style=\"display: none;\"><ul><li class=\"slideshow_togglePlay\" data-play-text=\"Play\" data-pause-text=\"Pause\"><\/li><\/ul><\/div>\r\n\r\n\t\t<div class=\"slideshow_button slideshow_previous slideshow_transparent\" role=\"button\" data-previous-text=\"Pr\u00e9c\u00e9dent\" style=\"display: none;\"><\/div>\r\n\t\t<div class=\"slideshow_button slideshow_next slideshow_transparent\" role=\"button\" data-next-text=\"Suivant\" style=\"display: none;\"><\/div>\r\n\r\n\t\t<div class=\"slideshow_pagination\" style=\"display: none;\" data-go-to-text=\"Go to slide\"><div class=\"slideshow_pagination_center\"><\/div><\/div>\r\n\r\n\t\t<!-- WordPress Slideshow Version 2.3.1 -->\r\n\r\n\t\t\t<\/div>\r\n\r\n<\/i><\/a><\/p>\n<p style=\"text-align: justify;\">\u00a0Pont-info est une soci\u00e9t\u00e9 \u00e0 l&rsquo;\u00e9coute de vos besoins informatiques, proposant des solutions adapt\u00e9es.<\/p>\n<p style=\"text-align: justify;\">Maintenance, formation, installation, syst\u00e8mes et r\u00e9seaux, Pont-Info s&rsquo;adresse aux <a title=\"Particuliers\" href=\"http:\/\/pont-info.fr?page_id=21\">particuliers<\/a> ainsi qu&rsquo;aux <a title=\"Professionnels\" href=\"http:\/\/pont-info.fr?page_id=30\">professionnels<\/a> dans la r\u00e9gion de <a title=\"Nous Contacter\" href=\"http:\/\/pont-info.fr?page_id=34\">l&rsquo;\u00eele de Noirmoutier et des Pays de Monts<\/a>.<\/p>\n","protected":false},"excerpt":{"rendered":"<p>\u00a0Pont-info est une soci\u00e9t\u00e9 \u00e0 l&rsquo;\u00e9coute de vos besoins informatiques, proposant des solutions adapt\u00e9es. Maintenance, formation, installation, syst\u00e8mes et r\u00e9seaux, Pont-Info s&rsquo;adresse aux particuliers ainsi qu&rsquo;aux professionnels dans la r\u00e9gion de l&rsquo;\u00eele de Noirmoutier et des Pays de Monts.<\/p>\n","protected":false},"author":1,"featured_media":0,"parent":0,"menu_order":0,"comment_status":"open","ping_status":"open","template":"","meta":{"footnotes":""},"_links":{"self":[{"href":"https:\/\/pont-info.fr\/index.php?rest_route=\/wp\/v2\/pages\/7"}],"collection":[{"href":"https:\/\/pont-info.fr\/index.php?rest_route=\/wp\/v2\/pages"}],"about":[{"href":"https:\/\/pont-info.fr\/index.php?rest_route=\/wp\/v2\/types\/page"}],"author":[{"embeddable":true,"href":"https:\/\/pont-info.fr\/index.php?rest_route=\/wp\/v2\/users\/1"}],"replies":[{"embeddable":true,"href":"https:\/\/pont-info.fr\/index.php?rest_route=%2Fwp%2Fv2%2Fcomments&post=7"}],"version-history":[{"count":24,"href":"https:\/\/pont-info.fr\/index.php?rest_route=\/wp\/v2\/pages\/7\/revisions"}],"predecessor-version":[{"id":212,"href":"https:\/\/pont-info.fr\/index.php?rest_route=\/wp\/v2\/pages\/7\/revisions\/212"}],"wp:attachment":[{"href":"https:\/\/pont-info.fr\/index.php?rest_route=%2Fwp%2Fv2%2Fmedia&parent=7"}],"curies":[{"name":"wp","href":"https:\/\/api.w.org\/{rel}","templated":true}]}}