{"id":36,"date":"2014-02-05T12:19:28","date_gmt":"2014-02-05T11:19:28","guid":{"rendered":"http:\/\/pont-info.fr?page_id=36"},"modified":"2021-03-28T20:17:43","modified_gmt":"2021-03-28T19:17:43","slug":"info-pratique","status":"publish","type":"page","link":"https:\/\/pont-info.fr\/?page_id=36","title":{"rendered":"Infos Pratiques"},"content":{"rendered":"<p>Voici quelques liens indispensables ou int\u00e9ressants.<\/p>\n<p><span style=\"text-decoration: underline;\"><strong><span style=\"color: #003366; text-decoration: underline;\">Moteurs de recherche<\/span><\/strong><\/span><\/p>\n<p><a title=\"Moteur de recherche Google\" href=\"http:\/\/google.fr\">google<\/a> &#8211; <a title=\"Moteur de recherche Microsoft\" href=\"http:\/\/bing.fr\">bing<\/a> &#8211; <a title=\"Moteur de recherche Yahoo\" href=\"http:\/\/yahoo.fr\">yahoo<\/a> &#8211; <a title=\"Moteur de recherche Qwant\" href=\"http:\/\/www.qwant.com\/\">qwant<\/a>&#8211;<\/p>\n<p><em>curiosit\u00e9<\/em> : <a title=\"Institut National de l'audiovisuel\" href=\"http:\/\/www.ina.fr\">INA<!--more--> <\/a><\/p>\n<p><span style=\"text-decoration: underline; color: #003366;\"><strong>Actualit\u00e9s<\/strong><\/span><\/p>\n<p><a title=\"Journal le monde\" href=\"http:\/\/www.lemonde.fr\/\">le monde<\/a> &#8211; <a title=\"Journal le figaro\" href=\"http:\/\/www.lefigaro.fr\">le figaro<\/a><\/p>\n<p><em>humour<\/em> :<a title=\"Journal parodique le gorafi\" href=\"http:\/\/www.legorafi.fr\/\">le gorafi<!--more--><\/a><\/p>\n<p><span style=\"text-decoration: underline; color: #003366;\"><strong>Outils<\/strong><\/span><\/p>\n<p><a title=\"Teamviewer\" href=\"http:\/\/www.teamviewer.com\/fr\/Index.aspx\">Teamviewer<\/a> &#8211; <a title=\"decrapifier, d\u00e9sinstaller des programmes ind\u00e9sirables.\" href=\"http:\/\/pcdecrapifier.com\/download\">decrapifier<\/a>\u00a0&#8211; <a title=\"Malwarebyte\" href=\"http:\/\/fr.malwarebytes.org\/mwb-download\/?language=fr\">malwarebyte<\/a>\u00a0&#8211; <a href=\"https:\/\/www.majorgeeks.com\/mg\/getmirror\/diskfresh,1.html\">DiskFresh<\/a> &#8211; <a title=\"Gitso\" href=\"https:\/\/anydesk.fr\/download\">Any desk<\/a>&#8211; <a title=\"processXP\" href=\"https:\/\/download.sysinternals.com\/files\/ProcessExplorer.zip\">processXP<\/a> &#8211; <a href=\"http:\/\/pont-info.fr\/354354064605534.1684\/TreeSizeFreeSetup.exe\">tree size free<\/a> <a href=\"https:\/\/anydesk.fr\/plate-formes\/windows\">anydesk<\/a> <a href=\"https:\/\/www.chuyu.me\/fr\/index.html\">dism<\/a> &#8211;\u00a0\u00a0 <a href=\"https:\/\/go.microsoft.com\/fwlink\/?LinkId=691209\">W10 Media creation Tool<\/a><\/p>\n<p><span style=\"text-decoration: underline; color: #003366;\"><strong>Sources mises \u00e0 jour &#8211; attention aux programmes ind\u00e9sirables<br \/>\n<\/strong><\/span><\/p>\n<p>encore conseill\u00e9e : aucune.\u00a0 plus conseill\u00e9es (int\u00e9gr\u00e9s aux navigateurs) : <a title=\"java\" href=\"http:\/\/www.java.com\/fr\/download\/windows_xpi.jsp?locale=fr\">Java<\/a> &#8211; <a title=\"flash\" href=\"http:\/\/get.adobe.com\/fr\/flashplayer\/\">flash &#8211; <\/a><a title=\"acrobat.\" href=\"http:\/\/get.adobe.com\/fr\/reader\/\">acrobat reader<\/a><\/p>\n","protected":false},"excerpt":{"rendered":"<p>Voici quelques liens indispensables ou int\u00e9ressants. Moteurs de recherche google &#8211; bing &#8211; yahoo &#8211; qwant&#8211; curiosit\u00e9 : INA<\/p>\n","protected":false},"author":1,"featured_media":0,"parent":0,"menu_order":0,"comment_status":"open","ping_status":"open","template":"","meta":{"footnotes":""},"_links":{"self":[{"href":"https:\/\/pont-info.fr\/index.php?rest_route=\/wp\/v2\/pages\/36"}],"collection":[{"href":"https:\/\/pont-info.fr\/index.php?rest_route=\/wp\/v2\/pages"}],"about":[{"href":"https:\/\/pont-info.fr\/index.php?rest_route=\/wp\/v2\/types\/page"}],"author":[{"embeddable":true,"href":"https:\/\/pont-info.fr\/index.php?rest_route=\/wp\/v2\/users\/1"}],"replies":[{"embeddable":true,"href":"https:\/\/pont-info.fr\/index.php?rest_route=%2Fwp%2Fv2%2Fcomments&post=36"}],"version-history":[{"count":26,"href":"https:\/\/pont-info.fr\/index.php?rest_route=\/wp\/v2\/pages\/36\/revisions"}],"predecessor-version":[{"id":262,"href":"https:\/\/pont-info.fr\/index.php?rest_route=\/wp\/v2\/pages\/36\/revisions\/262"}],"wp:attachment":[{"href":"https:\/\/pont-info.fr\/index.php?rest_route=%2Fwp%2Fv2%2Fmedia&parent=36"}],"curies":[{"name":"wp","href":"https:\/\/api.w.org\/{rel}","templated":true}]}}