{"id":30,"date":"2014-02-05T12:18:08","date_gmt":"2014-02-05T11:18:08","guid":{"rendered":"http:\/\/pont-info.fr?page_id=30"},"modified":"2014-04-08T10:58:34","modified_gmt":"2014-04-08T09:58:34","slug":"professionnels","status":"publish","type":"page","link":"https:\/\/pont-info.fr\/?page_id=30","title":{"rendered":"Professionnels"},"content":{"rendered":"<p style=\"text-align: justify;\">Pont-info r\u00e9alise en entreprise l\u2019administration de syst\u00e8mes et r\u00e9seaux, la s\u00e9curit\u00e9, la r\u00e9cup\u00e9ration des donn\u00e9es, l&rsquo;ergonomie, la formation, l&rsquo;installation et le param\u00e9trage.<\/p>\n<p style=\"text-align: justify;\">Sp\u00e9cialiste en virtualisation nous pouvons proposer des solutions innovantes \u00e0 vos probl\u00e8mes.<\/p>\n","protected":false},"excerpt":{"rendered":"<p>Pont-info r\u00e9alise en entreprise l\u2019administration de syst\u00e8mes et r\u00e9seaux, la s\u00e9curit\u00e9, la r\u00e9cup\u00e9ration des donn\u00e9es, l&rsquo;ergonomie, la formation, l&rsquo;installation et le param\u00e9trage. Sp\u00e9cialiste en virtualisation nous pouvons proposer des solutions innovantes \u00e0 vos probl\u00e8mes.<\/p>\n","protected":false},"author":1,"featured_media":0,"parent":0,"menu_order":0,"comment_status":"open","ping_status":"open","template":"","meta":{"footnotes":""},"_links":{"self":[{"href":"https:\/\/pont-info.fr\/index.php?rest_route=\/wp\/v2\/pages\/30"}],"collection":[{"href":"https:\/\/pont-info.fr\/index.php?rest_route=\/wp\/v2\/pages"}],"about":[{"href":"https:\/\/pont-info.fr\/index.php?rest_route=\/wp\/v2\/types\/page"}],"author":[{"embeddable":true,"href":"https:\/\/pont-info.fr\/index.php?rest_route=\/wp\/v2\/users\/1"}],"replies":[{"embeddable":true,"href":"https:\/\/pont-info.fr\/index.php?rest_route=%2Fwp%2Fv2%2Fcomments&post=30"}],"version-history":[{"count":4,"href":"https:\/\/pont-info.fr\/index.php?rest_route=\/wp\/v2\/pages\/30\/revisions"}],"predecessor-version":[{"id":177,"href":"https:\/\/pont-info.fr\/index.php?rest_route=\/wp\/v2\/pages\/30\/revisions\/177"}],"wp:attachment":[{"href":"https:\/\/pont-info.fr\/index.php?rest_route=%2Fwp%2Fv2%2Fmedia&parent=30"}],"curies":[{"name":"wp","href":"https:\/\/api.w.org\/{rel}","templated":true}]}}