{"id":26,"date":"2014-02-05T12:16:54","date_gmt":"2014-02-05T11:16:54","guid":{"rendered":"http:\/\/pont-info.fr?page_id=26"},"modified":"2014-04-08T11:00:40","modified_gmt":"2014-04-08T10:00:40","slug":"formation","status":"publish","type":"page","link":"https:\/\/pont-info.fr\/?page_id=26","title":{"rendered":"Formations"},"content":{"rendered":"<p style=\"text-align: justify;\"><img loading=\"lazy\" decoding=\"async\" class=\"alignnone size-thumbnail wp-image-105\" alt=\"logo v1\" src=\"http:\/\/pont-info.fr\/wp-content\/uploads\/2014\/04\/logo-v3-150x150.jpg\" width=\"30\" height=\"30\" \/>L&rsquo;informatique est un outil utilis\u00e9 pour remplir de tr\u00e8s nombreuses fonctions. Vous souhaitez en apprendre ou en approfondir une?<\/p>\n<p style=\"text-align: justify;\"><span style=\"color: #008080;\"><strong>Domaine d&rsquo;expertise<\/strong><\/span> : Vid\u00e9o-conf\u00e9rence &#8211; Emails &#8211; Facebook &#8211; traitement de texte, tableur, musique, montage vid\u00e9o, maintenance informatique,<\/p>\n<p style=\"text-align: justify;\"><span style=\"color: #008080;\"><strong>P\u00e9dagogie<\/strong> :<\/span>\u00a0A l&rsquo;\u00e9coute de vos questions, nos formateurs mettent un point d\u2019honneur \u00e0 trouver les explications et les analogies qui vous correspondent le mieux.<\/p>\n<p style=\"text-align: right;\"><a title=\"D\u00e9pannage\" href=\"http:\/\/pont-info.fr?page_id=24\">D\u00e9pannage<\/a> &#8211; <a title=\"Conseils\" href=\"http:\/\/pont-info.fr?page_id=76\">Conseils<\/a> &#8211; <a title=\"Formations\" href=\"http:\/\/pont-info.fr?page_id=26\">Formations<\/a> &#8211; <a title=\"Formations \u00e0 plusieurs\" href=\"http:\/\/pont-info.fr?page_id=28\">Formations \u00e0 plusieurs <\/a>&#8211; <a title=\"Installation\" href=\"http:\/\/pont-info.fr?page_id=117\">Installation<\/a><\/p>\n","protected":false},"excerpt":{"rendered":"<p>L&rsquo;informatique est un outil utilis\u00e9 pour remplir de tr\u00e8s nombreuses fonctions. Vous souhaitez en apprendre ou en approfondir une? Domaine d&rsquo;expertise : Vid\u00e9o-conf\u00e9rence &#8211; Emails &#8211; Facebook &#8211; traitement de texte, tableur, musique, montage vid\u00e9o, maintenance informatique, P\u00e9dagogie :\u00a0A l&rsquo;\u00e9coute de vos questions, nos formateurs mettent un point d\u2019honneur \u00e0 trouver les explications et les &hellip; <\/p>\n<p class=\"link-more\"><a href=\"https:\/\/pont-info.fr\/?page_id=26\" class=\"more-link\">Continuer la lecture<span class=\"screen-reader-text\"> de &laquo;&nbsp;Formations&nbsp;&raquo;<\/span><\/a><\/p>\n","protected":false},"author":1,"featured_media":0,"parent":0,"menu_order":0,"comment_status":"open","ping_status":"open","template":"","meta":{"footnotes":""},"_links":{"self":[{"href":"https:\/\/pont-info.fr\/index.php?rest_route=\/wp\/v2\/pages\/26"}],"collection":[{"href":"https:\/\/pont-info.fr\/index.php?rest_route=\/wp\/v2\/pages"}],"about":[{"href":"https:\/\/pont-info.fr\/index.php?rest_route=\/wp\/v2\/types\/page"}],"author":[{"embeddable":true,"href":"https:\/\/pont-info.fr\/index.php?rest_route=\/wp\/v2\/users\/1"}],"replies":[{"embeddable":true,"href":"https:\/\/pont-info.fr\/index.php?rest_route=%2Fwp%2Fv2%2Fcomments&post=26"}],"version-history":[{"count":11,"href":"https:\/\/pont-info.fr\/index.php?rest_route=\/wp\/v2\/pages\/26\/revisions"}],"predecessor-version":[{"id":180,"href":"https:\/\/pont-info.fr\/index.php?rest_route=\/wp\/v2\/pages\/26\/revisions\/180"}],"wp:attachment":[{"href":"https:\/\/pont-info.fr\/index.php?rest_route=%2Fwp%2Fv2%2Fmedia&parent=26"}],"curies":[{"name":"wp","href":"https:\/\/api.w.org\/{rel}","templated":true}]}}