{"id":24,"date":"2014-02-05T12:16:33","date_gmt":"2014-02-05T11:16:33","guid":{"rendered":"http:\/\/pont-info.fr?page_id=24"},"modified":"2014-04-08T10:59:42","modified_gmt":"2014-04-08T09:59:42","slug":"depannage","status":"publish","type":"page","link":"https:\/\/pont-info.fr\/?page_id=24","title":{"rendered":"D\u00e9pannage"},"content":{"rendered":"<p style=\"text-align: justify;\"><img loading=\"lazy\" decoding=\"async\" class=\"alignnone size-thumbnail wp-image-105\" alt=\"logo v1\" src=\"http:\/\/pont-info.fr\/wp-content\/uploads\/2014\/04\/logo-v3-150x150.jpg\" width=\"30\" height=\"30\" \/>Pont-info se propose de r\u00e9aliser chez vous le d\u00e9pannage de tout mat\u00e9riel\u00a0 et logiciel ayant un lien avec l&rsquo;informatique et les r\u00e9seaux.<\/p>\n<p style=\"text-align: justify;\"><span style=\"color: #008080;\"><strong>Domaine d&rsquo;expertise<\/strong> :<\/span> Ordinateur, tablettes, smartphones, box, r\u00e9seaux filaires et wifi, NAS, &#8230;<\/p>\n<p style=\"text-align: justify;\"><span style=\"color: #008080;\"><strong>A domicile<\/strong> :<\/span> Les probl\u00e8mes que vous rencontrez sont souvent li\u00e9 \u00e0 votre domicile (mauvaise connexion internet, mauvais fonctionnement du r\u00e9seau local, un autre ordinateur infect\u00e9 ). Le diagnostic \u00e0 domicile permet\u00a0 d&rsquo;observer vos\u00a0 soucis en situation r\u00e9elle, nous permettant de d\u00e9tecter les sources de probl\u00e8mes environnementales.<\/p>\n<p style=\"text-align: justify;\"><span style=\"color: #008080;\"><strong>D\u00e9pannage logiciel<\/strong> :<\/span> Le d\u00e9pannage est r\u00e9alis\u00e9 le plus souvent avec les outils d\u00e9j\u00e0 pr\u00e9sents dans vos syst\u00e8mes d&rsquo;exploitation, et assorti d&rsquo;explications vous permettant de comprendre et r\u00e9it\u00e9rer\u00a0 la maintenance r\u00e9alis\u00e9e.<\/p>\n<p style=\"text-align: justify;\"><span style=\"color: #008080;\"><strong>D\u00e9pannage mat\u00e9riel<\/strong> :<\/span> Si la panne est r\u00e9parable sur place, elle est r\u00e9alis\u00e9e aussit\u00f4t. Sinon, un devis pour une r\u00e9paration en atelier vous sera propos\u00e9.<\/p>\n<p style=\"text-align: justify;\"><a title=\"D\u00e9pannage\" href=\"http:\/\/pont-info.fr?page_id=24\">D\u00e9pannage<\/a> &#8211; <a title=\"Conseils\" href=\"http:\/\/pont-info.fr?page_id=76\">Conseils<\/a> &#8211; <a title=\"Formations\" href=\"http:\/\/pont-info.fr?page_id=26\">Formations<\/a> &#8211; <a title=\"Formations \u00e0 plusieurs\" href=\"http:\/\/pont-info.fr?page_id=28\">Formations \u00e0 plusieurs <\/a>&#8211; <a title=\"Installation\" href=\"http:\/\/pont-info.fr?page_id=117\">Installation<\/a><\/p>\n","protected":false},"excerpt":{"rendered":"<p>Pont-info se propose de r\u00e9aliser chez vous le d\u00e9pannage de tout mat\u00e9riel\u00a0 et logiciel ayant un lien avec l&rsquo;informatique et les r\u00e9seaux. Domaine d&rsquo;expertise : Ordinateur, tablettes, smartphones, box, r\u00e9seaux filaires et wifi, NAS, &#8230; A domicile : Les probl\u00e8mes que vous rencontrez sont souvent li\u00e9 \u00e0 votre domicile (mauvaise connexion internet, mauvais fonctionnement du &hellip; <\/p>\n<p class=\"link-more\"><a href=\"https:\/\/pont-info.fr\/?page_id=24\" class=\"more-link\">Continuer la lecture<span class=\"screen-reader-text\"> de &laquo;&nbsp;D\u00e9pannage&nbsp;&raquo;<\/span><\/a><\/p>\n","protected":false},"author":1,"featured_media":0,"parent":0,"menu_order":0,"comment_status":"open","ping_status":"open","template":"","meta":{"footnotes":""},"_links":{"self":[{"href":"https:\/\/pont-info.fr\/index.php?rest_route=\/wp\/v2\/pages\/24"}],"collection":[{"href":"https:\/\/pont-info.fr\/index.php?rest_route=\/wp\/v2\/pages"}],"about":[{"href":"https:\/\/pont-info.fr\/index.php?rest_route=\/wp\/v2\/types\/page"}],"author":[{"embeddable":true,"href":"https:\/\/pont-info.fr\/index.php?rest_route=\/wp\/v2\/users\/1"}],"replies":[{"embeddable":true,"href":"https:\/\/pont-info.fr\/index.php?rest_route=%2Fwp%2Fv2%2Fcomments&post=24"}],"version-history":[{"count":11,"href":"https:\/\/pont-info.fr\/index.php?rest_route=\/wp\/v2\/pages\/24\/revisions"}],"predecessor-version":[{"id":178,"href":"https:\/\/pont-info.fr\/index.php?rest_route=\/wp\/v2\/pages\/24\/revisions\/178"}],"wp:attachment":[{"href":"https:\/\/pont-info.fr\/index.php?rest_route=%2Fwp%2Fv2%2Fmedia&parent=24"}],"curies":[{"name":"wp","href":"https:\/\/api.w.org\/{rel}","templated":true}]}}