{"id":21,"date":"2014-02-05T12:15:42","date_gmt":"2014-02-05T11:15:42","guid":{"rendered":"http:\/\/pont-info.fr?page_id=21"},"modified":"2014-04-03T17:03:04","modified_gmt":"2014-04-03T16:03:04","slug":"particuliers","status":"publish","type":"page","link":"https:\/\/pont-info.fr\/?page_id=21","title":{"rendered":"Particuliers"},"content":{"rendered":"<p style=\"text-align: justify;\"><em><strong><img loading=\"lazy\" decoding=\"async\" class=\"alignnone size-thumbnail wp-image-105\" alt=\"logo v1\" src=\"http:\/\/pont-info.fr\/wp-content\/uploads\/2014\/04\/logo-v3-150x150.jpg\" width=\"30\" height=\"30\" \/>\u00a0 V<\/strong>otre outil informatique est lent ou en panne, a un comportement suspect et est envahi de publicit\u00e9s ind\u00e9sirables? Votre internet fonctionne mal, votre tablette et imprimante r\u00e9seau ne se connectent pas? Vous pensez vos donn\u00e9es perdues?<\/em><\/p>\n<p style=\"text-align: right;\"><span style=\"color: #008080;\">Nous venons chez vous pour<\/span> <a title=\"D\u00e9pannage\" href=\"http:\/\/pont-info.fr?page_id=24\">diagnostiquer et r\u00e9soudre <\/a><span style=\"color: #008080;\">vos soucis.<\/span><\/p>\n<p style=\"text-align: justify;\"><em><strong><img loading=\"lazy\" decoding=\"async\" class=\"alignnone size-thumbnail wp-image-105\" alt=\"logo v1\" src=\"http:\/\/pont-info.fr\/wp-content\/uploads\/2014\/04\/logo-v3-150x150.jpg\" width=\"30\" height=\"30\" \/>\u00a0 V<\/strong>ous souhaitez faire \u00e9voluer ou renouveler votre syst\u00e8me? Vous cherchez des conseils pertinents et actualis\u00e9s qui respectent vos besoins?<\/em><\/p>\n<p style=\"text-align: right;\"><span style=\"color: #008080;\">Nous venons chez vous pour vous<\/span> <a title=\"Conseils\" href=\"http:\/\/pont-info.fr?page_id=76\">\u00e9couter et conseiller<\/a>.<\/p>\n<p style=\"text-align: justify;\"><em><strong><img loading=\"lazy\" decoding=\"async\" class=\"alignnone size-thumbnail wp-image-105\" alt=\"logo v1\" src=\"http:\/\/pont-info.fr\/wp-content\/uploads\/2014\/04\/logo-v3-150x150.jpg\" width=\"30\" height=\"30\" \/>\u00a0 V<\/strong>ous souhaitez apprivoiser internet, nettoyer et r\u00e9parer vous m\u00eame votre ordinateur, assurer la s\u00e9curit\u00e9 de vos donn\u00e9es, \u00e9tendre les fa\u00e7ons dont vous pouvez utiliser votre ordinateur?<\/em><\/p>\n<p style=\"padding-left: 30px; text-align: right;\"><span style=\"color: #008080;\">Nous venons chez vous pour r\u00e9aliser des<\/span> <a title=\"Formations\" href=\"http:\/\/pont-info.fr?page_id=26\">formations individuelles<\/a>.<\/p>\n<p style=\"text-align: justify;\"><em><strong><img loading=\"lazy\" decoding=\"async\" class=\"alignnone size-thumbnail wp-image-105\" alt=\"logo v1\" src=\"http:\/\/pont-info.fr\/wp-content\/uploads\/2014\/04\/logo-v3-150x150.jpg\" width=\"30\" height=\"30\" \/>\u00a0 V<\/strong>ous avez un groupe d&rsquo;amis souhaitant partager l&rsquo;apprentissage de l&rsquo;informatique?<\/em><\/p>\n<p style=\"text-align: right;\"><span style=\"color: #008080;\">Nous venons chez vous pour r\u00e9aliser des<\/span> <a title=\"Formations \u00e0 plusieurs\" href=\"http:\/\/pont-info.fr?page_id=28\">formations group\u00e9es<\/a>.<\/p>\n<p style=\"text-align: justify;\"><em><strong><img loading=\"lazy\" decoding=\"async\" class=\"alignnone size-thumbnail wp-image-105\" alt=\"logo v1\" src=\"http:\/\/pont-info.fr\/wp-content\/uploads\/2014\/04\/logo-v3-150x150.jpg\" width=\"30\" height=\"30\" \/> V<\/strong>ous allez ou venez d&rsquo;acqu\u00e9rir un nouveau mat\u00e9riel informatique, et souhaitez l&rsquo;installer au mieux?<\/em><\/p>\n<p style=\"text-align: right;\"><span style=\"color: #008080;\">Nous venons chez vous pour <\/span> <a title=\"l'installer\" href=\"http:\/\/pont-info.fr?page_id=117\">l&rsquo;installer<\/a>.<\/p>\n<p style=\"text-align: right;\"><a title=\"D\u00e9pannage\" href=\"http:\/\/pont-info.fr?page_id=24\">D\u00e9pannage<\/a> &#8211; <a title=\"Conseils\" href=\"http:\/\/pont-info.fr?page_id=76\">Conseils<\/a> &#8211; <a title=\"Formations\" href=\"http:\/\/pont-info.fr?page_id=26\">Formations<\/a> &#8211; <a title=\"Formations \u00e0 plusieurs\" href=\"http:\/\/pont-info.fr?page_id=28\">Formations \u00e0 plusieurs <\/a>&#8211; <a title=\"Installation\" href=\"http:\/\/pont-info.fr?page_id=117\">Installation<\/a><\/p>\n<p>&nbsp;<\/p>\n","protected":false},"excerpt":{"rendered":"<p>\u00a0 Votre outil informatique est lent ou en panne, a un comportement suspect et est envahi de publicit\u00e9s ind\u00e9sirables? Votre internet fonctionne mal, votre tablette et imprimante r\u00e9seau ne se connectent pas? Vous pensez vos donn\u00e9es perdues? Nous venons chez vous pour diagnostiquer et r\u00e9soudre vos soucis. \u00a0 Vous souhaitez faire \u00e9voluer ou renouveler votre &hellip; <\/p>\n<p class=\"link-more\"><a href=\"https:\/\/pont-info.fr\/?page_id=21\" class=\"more-link\">Continuer la lecture<span class=\"screen-reader-text\"> de &laquo;&nbsp;Particuliers&nbsp;&raquo;<\/span><\/a><\/p>\n","protected":false},"author":1,"featured_media":0,"parent":0,"menu_order":0,"comment_status":"open","ping_status":"open","template":"","meta":{"footnotes":""},"_links":{"self":[{"href":"https:\/\/pont-info.fr\/index.php?rest_route=\/wp\/v2\/pages\/21"}],"collection":[{"href":"https:\/\/pont-info.fr\/index.php?rest_route=\/wp\/v2\/pages"}],"about":[{"href":"https:\/\/pont-info.fr\/index.php?rest_route=\/wp\/v2\/types\/page"}],"author":[{"embeddable":true,"href":"https:\/\/pont-info.fr\/index.php?rest_route=\/wp\/v2\/users\/1"}],"replies":[{"embeddable":true,"href":"https:\/\/pont-info.fr\/index.php?rest_route=%2Fwp%2Fv2%2Fcomments&post=21"}],"version-history":[{"count":43,"href":"https:\/\/pont-info.fr\/index.php?rest_route=\/wp\/v2\/pages\/21\/revisions"}],"predecessor-version":[{"id":168,"href":"https:\/\/pont-info.fr\/index.php?rest_route=\/wp\/v2\/pages\/21\/revisions\/168"}],"wp:attachment":[{"href":"https:\/\/pont-info.fr\/index.php?rest_route=%2Fwp%2Fv2%2Fmedia&parent=21"}],"curies":[{"name":"wp","href":"https:\/\/api.w.org\/{rel}","templated":true}]}}