{"id":117,"date":"2014-03-04T15:23:10","date_gmt":"2014-03-04T14:23:10","guid":{"rendered":"http:\/\/pont-info.fr?page_id=117"},"modified":"2014-04-08T11:01:32","modified_gmt":"2014-04-08T10:01:32","slug":"installation","status":"publish","type":"page","link":"https:\/\/pont-info.fr\/?page_id=117","title":{"rendered":"Installation"},"content":{"rendered":"<p style=\"text-align: justify;\"><img loading=\"lazy\" decoding=\"async\" class=\"alignnone size-thumbnail wp-image-105\" alt=\"logo v1\" src=\"http:\/\/pont-info.fr\/wp-content\/uploads\/2014\/04\/logo-v3-150x150.jpg\" width=\"30\" height=\"30\" \/>Vous avez achet\u00e9 un mat\u00e9riel, un nouveau syst\u00e8me d&rsquo;exploitation, une nouvelle box, un NAS, et vous voulez de l&rsquo;aide pour l&rsquo;installer.<\/p>\n<p style=\"text-align: justify;\">Nous nous d\u00e9pla\u00e7ons pour vous aider \u00e0 utiliser votre acquisition du mieux possible.<\/p>\n<p style=\"text-align: justify;\"><a title=\"D\u00e9pannage\" href=\"http:\/\/pont-info.fr?page_id=24\">D\u00e9pannage<\/a> &#8211; <a title=\"Conseils\" href=\"http:\/\/pont-info.fr?page_id=76\">Conseils<\/a> &#8211; <a title=\"Formations\" href=\"http:\/\/pont-info.fr?page_id=26\">Formations<\/a> &#8211; <a title=\"Formations \u00e0 plusieurs\" href=\"http:\/\/pont-info.fr?page_id=28\">Formations \u00e0 plusieurs <\/a>&#8211; <a title=\"Installation\" href=\"http:\/\/pont-info.fr?page_id=117\">Installation<\/a><\/p>\n","protected":false},"excerpt":{"rendered":"<p>Vous avez achet\u00e9 un mat\u00e9riel, un nouveau syst\u00e8me d&rsquo;exploitation, une nouvelle box, un NAS, et vous voulez de l&rsquo;aide pour l&rsquo;installer. Nous nous d\u00e9pla\u00e7ons pour vous aider \u00e0 utiliser votre acquisition du mieux possible. D\u00e9pannage &#8211; Conseils &#8211; Formations &#8211; Formations \u00e0 plusieurs &#8211; Installation<\/p>\n","protected":false},"author":1,"featured_media":0,"parent":0,"menu_order":0,"comment_status":"open","ping_status":"open","template":"","meta":{"footnotes":""},"_links":{"self":[{"href":"https:\/\/pont-info.fr\/index.php?rest_route=\/wp\/v2\/pages\/117"}],"collection":[{"href":"https:\/\/pont-info.fr\/index.php?rest_route=\/wp\/v2\/pages"}],"about":[{"href":"https:\/\/pont-info.fr\/index.php?rest_route=\/wp\/v2\/types\/page"}],"author":[{"embeddable":true,"href":"https:\/\/pont-info.fr\/index.php?rest_route=\/wp\/v2\/users\/1"}],"replies":[{"embeddable":true,"href":"https:\/\/pont-info.fr\/index.php?rest_route=%2Fwp%2Fv2%2Fcomments&post=117"}],"version-history":[{"count":7,"href":"https:\/\/pont-info.fr\/index.php?rest_route=\/wp\/v2\/pages\/117\/revisions"}],"predecessor-version":[{"id":182,"href":"https:\/\/pont-info.fr\/index.php?rest_route=\/wp\/v2\/pages\/117\/revisions\/182"}],"wp:attachment":[{"href":"https:\/\/pont-info.fr\/index.php?rest_route=%2Fwp%2Fv2%2Fmedia&parent=117"}],"curies":[{"name":"wp","href":"https:\/\/api.w.org\/{rel}","templated":true}]}}